{"id":1187,"date":"2019-07-15T09:00:31","date_gmt":"2019-07-15T09:00:31","guid":{"rendered":"https:\/\/demo.ramongrafic.com\/?page_id=1187"},"modified":"2019-07-15T09:00:31","modified_gmt":"2019-07-15T09:00:31","slug":"disseny-grafic","status":"publish","type":"page","link":"https:\/\/ramongrafic.com\/ca\/serveis\/disseny-grafic\/","title":{"rendered":"Disseny gr\u00e0fic"},"content":{"rendered":"<section class=\"wpb-content-wrapper\"><p>[vc_row css_animation=&#8221;&#8221; row_type=&#8221;row&#8221; use_row_as_full_screen_section=&#8221;no&#8221; type=&#8221;full_width&#8221; angled_section=&#8221;no&#8221; text_align=&#8221;left&#8221; background_image_as_pattern=&#8221;without_pattern&#8221; el_class=&#8221;row-with-separator&#8221; z_index=&#8221;&#8221;][vc_column css=&#8221;.vc_custom_1516792023205{margin-top: 0px !important;margin-right: 0px !important;margin-bottom: 0px !important;margin-left: 0px !important;padding-right: 0px !important;padding-left: 0px !important;}&#8221;][qode_elements_holder number_of_columns=&#8221;two_columns&#8221; switch_to_one_column=&#8221;1000&#8243;][qode_elements_holder_item item_padding=&#8221;20% 15% 8%&#8221; vertical_alignment=&#8221;top&#8221; advanced_animations=&#8221;no&#8221; item_padding_1280_1440=&#8221;0% 5% 35% 9%&#8221; item_padding_1024_1280=&#8221;14% 4% 46% 8%&#8221; item_padding_768_1024=&#8221;0% 0% 30% 7%&#8221; item_padding_600_768=&#8221;15% 9% 32%&#8221; item_padding_480_600=&#8221;16% 0% 33%&#8221; item_padding_480=&#8221;16% 0% 33%&#8221;][vc_column_text]<\/p>\n<h1 style=\"font-weight: 300;\">[vc_separator type=&#8221;small&#8221; position=&#8221;left&#8221; color=&#8221;#FC0&#8243; thickness=&#8221;2&#8243; width=&#8221;100&#8243; down=&#8221;15&#8243;]10.Disseny gr\u00e0fic<\/h1>\n<p>[\/vc_column_text][vc_empty_space height=&#8221;39px&#8221;][vc_column_text]<\/p>\n<p style=\"margin: 0px 0px 0px 70px;\">xxxxxx xxxxxx xxxxxx xxxxxx xxxxxx xxxxxx xxxxxx xxxxxx xxxxxx xxxxxx xxxxxx xxxxxx xxxxxx xxxxxx<\/p>\n<p>[\/vc_column_text][vc_empty_space height=&#8221;39px&#8221;][vc_row_inner row_type=&#8221;row&#8221; type=&#8221;full_width&#8221; text_align=&#8221;left&#8221; css_animation=&#8221;&#8221; css=&#8221;.vc_custom_1560940418527{margin-left: 10px !important;}&#8221;][vc_column_inner css=&#8221;.vc_custom_1516791618999{margin-left: 42px !important;}&#8221;]<div class='q_icon_with_title small normal_icon '><div class=\"icon_holder \" style=\" \"><span data-icon-type=\"normal\"   style=\"\" class=\"qode_iwt_icon_holder q_font_awsome_icon fa-2x  \"><i class=\"qode_icon_font_awesome fa fa-arrow-circle-right qode_iwt_icon_element\" style=\"\" ><\/i><\/span><\/div><div class=\"icon_text_holder\" style=\"\"><div class=\"icon_text_inner\" style=\"\"><h5 class=\"icon_title\" style=\"\">Vinils de tall<\/h5><p style=''>El vinil de tall \u00e9s una pel\u00b7l\u00edcula adhesiva de diversos colors s\u00f2lids, que sol utilitzar-se principalment en la decoraci\u00f3 d'aparadors, t\u00e8xtil, decoraci\u00f3 a la llar, etc., tant en interiors com exteriors.<\/p><\/div><\/div><\/div>[vc_empty_space height=&#8221;20px&#8221;]<div class='q_icon_with_title small normal_icon '><div class=\"icon_holder \" style=\" \"><span data-icon-type=\"normal\"   style=\"\" class=\"qode_iwt_icon_holder q_font_awsome_icon fa-2x  \"><i class=\"qode_icon_font_awesome fa fa-arrow-circle-right qode_iwt_icon_element\" style=\"\" ><\/i><\/span><\/div><div class=\"icon_text_holder\" style=\"\"><div class=\"icon_text_inner\" style=\"\"><h5 class=\"icon_title\" style=\"\">impressi\u00f3 digital<\/h5><p style=''>El vinil impr\u00e8s, que sol usar-se per tots els caps abans descrits en el vinil de tall, per\u00f2 amb la particularitat que en aquest cas es tracta d'una pel\u00b7l\u00edcula adhesiva blanca a la qual se li aplica tinta a la superf\u00edcie, obtenint aix\u00ed un disseny a tot color, amb la possibilitat de crear degradats i tota mena de colors a difer\u00e8ncia de vinil de tall. El vinil d'impressi\u00f3 podr\u00edem dir que \u00e9s un p\u00f2ster adhesiu al qual podem donar-li la forma que desitgem mitjan\u00e7ant un encuny vectorial.<\/p><\/div><\/div><\/div>[vc_empty_space height=&#8221;20px&#8221;]<div class='q_icon_with_title small normal_icon '><div class=\"icon_holder \" style=\" \"><span data-icon-type=\"normal\"   style=\"\" class=\"qode_iwt_icon_holder q_font_awsome_icon fa-2x  \"><i class=\"qode_icon_font_awesome fa fa-arrow-circle-right qode_iwt_icon_element\" style=\"\" ><\/i><\/span><\/div><div class=\"icon_text_holder\" style=\"\"><div class=\"icon_text_inner\" style=\"\"><h5 class=\"icon_title\" style=\"\">\u00e0cids<\/h5><p style=''>\u00c9s un tipus de vinil que imita el glacejat original del vidre. El vinil \u00e0cid s'utilitza generalment per a la decoraci\u00f3 de vidres i miralls, encara que es pot utilitzar per a altres casos.<\/p><\/div><\/div><\/div>[\/vc_column_inner][\/vc_row_inner][vc_empty_space height=&#8221;50px&#8221;][vc_empty_space height=&#8221;40px&#8221; el_class=&#8221;empty-space-hidden&#8221;][\/qode_elements_holder_item][qode_elements_holder_item item_padding=&#8221;20% 15% 28%&#8221; vertical_alignment=&#8221;top&#8221; advanced_animations=&#8221;no&#8221; item_padding_1280_1440=&#8221;14% 15% 14% 7%&#8221; item_padding_1024_1280=&#8221;14% 4% 14% 8%&#8221; item_padding_768_1024=&#8221;12% 5% 12% 1%&#8221; item_padding_600_768=&#8221;15% 20% 15% 10&#8243; item_padding_480_600=&#8221;17% 20% 17% 0%&#8221; item_padding_480=&#8221;17% 20% 17% 0%&#8221;][vc_column_text]<\/p>\n<h1 style=\"font-weight: 300;\">[vc_separator type=&#8221;small&#8221; position=&#8221;left&#8221; color=&#8221;#fc0&#8243; thickness=&#8221;2&#8243; width=&#8221;100&#8243; down=&#8221;15&#8243;]Galeria<\/h1>\n<p>[\/vc_column_text][vc_empty_space height=&#8221;39px&#8221;][vc_column_text]<\/p>\n<p style=\"margin: 0px;\">Aqu\u00ed trobar\u00e0s alguns exemples de vinils que realitzem. Hi ha moltes m\u00e9s possibilitats !!<\/p>\n<p>[\/vc_column_text][vc_empty_space height=&#8221;39px&#8221;][vc_gallery interval=&#8221;3&#8243; images=&#8221;875,924,997,998,912,999,916,1000,1001,1002,1003,920,1004,1005,1006,1007,1008,1009,1010,1011,1012,1013,1014,1015,1016,1017,1018,1019,1020&#8243; img_size=&#8221;full&#8221;][\/qode_elements_holder_item][\/qode_elements_holder][\/vc_column][\/vc_row]<\/p>\n<\/section>","protected":false},"excerpt":{"rendered":"<p>[vc_row css_animation=&#8221;&#8221; row_type=&#8221;row&#8221; use_row_as_full_screen_section=&#8221;no&#8221; type=&#8221;full_width&#8221; angled_section=&#8221;no&#8221; text_align=&#8221;left&#8221; background_image_as_pattern=&#8221;without_pattern&#8221; el_class=&#8221;row-with-separator&#8221; z_index=&#8221;&#8221;][vc_column css=&#8221;.vc_custom_1516792023205{margin-top: 0px !important;margin-right: 0px !important;margin-bottom: 0px !important;margin-left: 0px !important;padding-right: 0px !important;padding-left: 0px !important;}&#8221;][qode_elements_holder number_of_columns=&#8221;two_columns&#8221; switch_to_one_column=&#8221;1000&#8243;][qode_elements_holder_item item_padding=&#8221;20% 15% 8%&#8221; vertical_alignment=&#8221;top&#8221; advanced_animations=&#8221;no&#8221; item_padding_1280_1440=&#8221;0% 5% 35% 9%&#8221; item_padding_1024_1280=&#8221;14% 4% 46% 8%&#8221; item_padding_768_1024=&#8221;0% 0% 30% 7%&#8221; item_padding_600_768=&#8221;15% 9% 32%&#8221;&#8230;<\/p>\n","protected":false},"author":1,"featured_media":0,"parent":930,"menu_order":0,"comment_status":"closed","ping_status":"open","template":"full_width.php","meta":{"footnotes":""},"class_list":["post-1187","page","type-page","status-publish","hentry"],"_links":{"self":[{"href":"https:\/\/ramongrafic.com\/ca\/wp-json\/wp\/v2\/pages\/1187","targetHints":{"allow":["GET"]}}],"collection":[{"href":"https:\/\/ramongrafic.com\/ca\/wp-json\/wp\/v2\/pages"}],"about":[{"href":"https:\/\/ramongrafic.com\/ca\/wp-json\/wp\/v2\/types\/page"}],"author":[{"embeddable":true,"href":"https:\/\/ramongrafic.com\/ca\/wp-json\/wp\/v2\/users\/1"}],"replies":[{"embeddable":true,"href":"https:\/\/ramongrafic.com\/ca\/wp-json\/wp\/v2\/comments?post=1187"}],"version-history":[{"count":1,"href":"https:\/\/ramongrafic.com\/ca\/wp-json\/wp\/v2\/pages\/1187\/revisions"}],"predecessor-version":[{"id":1190,"href":"https:\/\/ramongrafic.com\/ca\/wp-json\/wp\/v2\/pages\/1187\/revisions\/1190"}],"up":[{"embeddable":true,"href":"https:\/\/ramongrafic.com\/ca\/wp-json\/wp\/v2\/pages\/930"}],"wp:attachment":[{"href":"https:\/\/ramongrafic.com\/ca\/wp-json\/wp\/v2\/media?parent=1187"}],"curies":[{"name":"wp","href":"https:\/\/api.w.org\/{rel}","templated":true}]}}