{"id":1372,"date":"2019-07-17T04:54:34","date_gmt":"2019-07-17T04:54:34","guid":{"rendered":"https:\/\/demo.ramongrafic.com\/?page_id=1372"},"modified":"2019-07-17T07:17:02","modified_gmt":"2019-07-17T07:17:02","slug":"politica-de-cookies","status":"publish","type":"page","link":"https:\/\/ramongrafic.com\/ca\/politica-de-cookies\/","title":{"rendered":"Pol\u00edtica de cookies"},"content":{"rendered":"<section class=\"wpb-content-wrapper\"><p>[vc_row css_animation=&#8221;&#8221; row_type=&#8221;row&#8221; use_row_as_full_screen_section=&#8221;no&#8221; type=&#8221;grid&#8221; angled_section=&#8221;no&#8221; text_align=&#8221;left&#8221; background_image_as_pattern=&#8221;without_pattern&#8221; css=&#8221;.vc_custom_1563339337415{margin-top: 50px !important;}&#8221; z_index=&#8221;&#8221;][vc_column][vc_column_text]<span class=\"notranslate\">Aquesta web utilitza cookies de tercers per analitzar la navegaci\u00f3 de l&#8217;usuari.<\/span> <span class=\"notranslate\">Amb la mera navegaci\u00f3 (amb el navegador habilitat per acceptar cookies), l&#8217;usuari accepta la instal\u00b7laci\u00f3 de cookies, llevat que s&#8217;hi oposi, segons es detalla en aquesta Pol\u00edtica de Galetes.<\/span><\/p>\n<p>&nbsp;<\/p>\n<p><span class=\"notranslate\">La present pol\u00edtica t\u00e9 com a finalitat informar de manera clara i concisa sobre les cookies que es fan servir en el nostre lloc web.<\/span>[\/vc_column_text][vc_empty_space][\/vc_column][\/vc_row][vc_row css_animation=&#8221;&#8221; row_type=&#8221;row&#8221; use_row_as_full_screen_section=&#8221;no&#8221; type=&#8221;grid&#8221; angled_section=&#8221;no&#8221; text_align=&#8221;left&#8221; background_image_as_pattern=&#8221;without_pattern&#8221; css=&#8221;.vc_custom_1563339337415{margin-top: 50px !important;}&#8221; z_index=&#8221;&#8221;][vc_column][vc_column_text]<\/p>\n<h1>[vc_separator type=&#8221;small&#8221; position=&#8221;left&#8221; color=&#8221;#fc0&#8243; thickness=&#8221;2&#8243; width=&#8221;50&#8243; down=&#8221;8&#8243;]Qu\u00e8 \u00e9s una cookie?<\/h1>\n<p>[\/vc_column_text][\/vc_column][\/vc_row][vc_row css_animation=&#8221;&#8221; row_type=&#8221;row&#8221; use_row_as_full_screen_section=&#8221;no&#8221; type=&#8221;grid&#8221; angled_section=&#8221;no&#8221; text_align=&#8221;left&#8221; background_image_as_pattern=&#8221;without_pattern&#8221; css=&#8221;.vc_custom_1563339337415{margin-top: 50px !important;}&#8221; z_index=&#8221;&#8221;][vc_column][vc_column_text]Una cookie \u00e9s un fitxer que es descarrega a l&#8217;ordinador \/ Smartphone \/ tablet de l&#8217;usuari en accedir a determinades p\u00e0gines web per a emmagatzemar i recuperar informaci\u00f3 sobre la navegaci\u00f3 que s&#8217;efectua des d&#8217;aquest equip.[\/vc_column_text][vc_empty_space][\/vc_column][\/vc_row][vc_row css_animation=&#8221;&#8221; row_type=&#8221;row&#8221; use_row_as_full_screen_section=&#8221;no&#8221; type=&#8221;grid&#8221; angled_section=&#8221;no&#8221; text_align=&#8221;left&#8221; background_image_as_pattern=&#8221;without_pattern&#8221; css=&#8221;.vc_custom_1563339337415{margin-top: 50px !important;}&#8221; z_index=&#8221;&#8221;][vc_column][vc_column_text]<\/p>\n<h1>[vc_separator type=&#8221;small&#8221; position=&#8221;left&#8221; color=&#8221;#fc0&#8243; thickness=&#8221;2&#8243; width=&#8221;50&#8243; down=&#8221;8&#8243;]Cookies utilitzades<\/h1>\n<p>[\/vc_column_text][\/vc_column][\/vc_row][vc_row css_animation=&#8221;&#8221; row_type=&#8221;row&#8221; use_row_as_full_screen_section=&#8221;no&#8221; type=&#8221;grid&#8221; angled_section=&#8221;no&#8221; text_align=&#8221;left&#8221; background_image_as_pattern=&#8221;without_pattern&#8221; css=&#8221;.vc_custom_1563339337415{margin-top: 50px !important;}&#8221; z_index=&#8221;&#8221;][vc_column][vc_column_text]<span class=\"notranslate\">Aquesta web utilitza cookies anal\u00edtiques de tercers (Google Analytics) per demanar estad\u00edstiques sobre l&#8217;activitat de l&#8217;usuari en visitar la p\u00e0gina i l&#8217;activitat general de la mateixa.<\/span> <span class=\"notranslate\">La informaci\u00f3 recopilada \u00e9s an\u00f2nima i permet optimitzar la navegaci\u00f3 per la nostra web.<\/span> <span class=\"notranslate\">Gr\u00e0cies a aix\u00f2 podem estudiar la navegaci\u00f3 pel lloc web i millorar aix\u00ed l&#8217;oferta de productes o serveis que oferim.<\/span>[\/vc_column_text][vc_empty_space][\/vc_column][\/vc_row][vc_row css_animation=&#8221;&#8221; row_type=&#8221;row&#8221; use_row_as_full_screen_section=&#8221;no&#8221; type=&#8221;grid&#8221; angled_section=&#8221;no&#8221; text_align=&#8221;left&#8221; background_image_as_pattern=&#8221;without_pattern&#8221; css=&#8221;.vc_custom_1563339337415{margin-top: 50px !important;}&#8221; z_index=&#8221;&#8221;][vc_column][vc_column_text]<\/p>\n<h1>[vc_separator type=&#8221;small&#8221; position=&#8221;left&#8221; color=&#8221;#fc0&#8243; thickness=&#8221;2&#8243; width=&#8221;50&#8243; down=&#8221;8&#8243;]Configuraci\u00f3 de cookies<\/h1>\n<p>[\/vc_column_text][\/vc_column][\/vc_row][vc_row css_animation=&#8221;&#8221; row_type=&#8221;row&#8221; use_row_as_full_screen_section=&#8221;no&#8221; type=&#8221;grid&#8221; angled_section=&#8221;no&#8221; text_align=&#8221;left&#8221; background_image_as_pattern=&#8221;without_pattern&#8221; css=&#8221;.vc_custom_1563339337415{margin-top: 50px !important;}&#8221; z_index=&#8221;&#8221;][vc_column][vc_column_text]<span class=\"notranslate\">En tot moment pot permetre, bloquejar o eliminar les cookies instal\u00b7lades en el seu equip mitjan\u00e7ant la configuraci\u00f3 de les opcions del seu navegador d&#8217;Internet.<\/span> <span class=\"notranslate\">Aix\u00ed mateix l&#8217;usuari pot activar:<\/span><\/p>\n<p>&nbsp;<\/p>\n<ul>\n<li><span class=\"notranslate\">La navegaci\u00f3 privada, mitjan\u00e7ant la qual el seu navegador deixa d&#8217;actuar en l&#8217;historial de navegaci\u00f3, contrasenyes de llocs web, galetes i una altra informaci\u00f3 de les p\u00e0gines que visita, o<\/span><\/li>\n<li>La funci\u00f3 de no rastrejar, per la qual el navegador demana als llocs web que visita no rastregin els seus h\u00e0bits de navegaci\u00f3, per ara, servir publicitat del seu inter\u00e8s en els llocs que visita.<\/li>\n<\/ul>\n<p>&nbsp;<\/p>\n<p>A continuaci\u00f3 incloem els vincles per gestionar galetes als navegadors m\u00e9s rellevants:<\/p>\n<p>&nbsp;<\/p>\n<ul>\n<li>Google Chrome:\u00a0<a href=\"https:\/\/support.google.com\/chrome\/answer\/95647?hl=es\">https:\/\/support.google.com\/chrome\/answer\/95647?hl=es<\/a><\/li>\n<li>Mozilla Firefox:\u00a0<a href=\"http:\/\/support.mozilla.org\/es\/kb\/habilitar-y-deshabilitar-cookies-que-los-sitios-we\">http:\/\/support.mozilla.org\/es\/kb\/habilitar-y-deshabilitar-cookies-que-los-sitios-we<\/a><\/li>\n<li>Internet Explorer:\u00a0<a href=\"http:\/\/windows.microsoft.com\/es-es\/windows-vista\/block-or-allow-cookies\">http:\/\/windows.microsoft.com\/es-es\/windows-vista\/block-or-allow-cookies<\/a><\/li>\n<li>Safari:\u00a0<a href=\"http:\/\/support.apple.com\/kb\/ph5042\">http:\/\/support.apple.com\/kb\/ph5042<\/a><\/li>\n<\/ul>\n<p>&nbsp;<\/p>\n<p>Tingui en compte que si rebutja la instal\u00b7laci\u00f3 de cookies podr\u00e0 seguir utilitzant el lloc web encara que alguns serveis estaran limitats.[\/vc_column_text][vc_empty_space][\/vc_column][\/vc_row][vc_row css_animation=&#8221;&#8221; row_type=&#8221;row&#8221; use_row_as_full_screen_section=&#8221;no&#8221; type=&#8221;grid&#8221; angled_section=&#8221;no&#8221; text_align=&#8221;left&#8221; background_image_as_pattern=&#8221;without_pattern&#8221; css=&#8221;.vc_custom_1563339337415{margin-top: 50px !important;}&#8221; z_index=&#8221;&#8221;][vc_column][vc_column_text]<\/p>\n<h1>[vc_separator type=&#8221;small&#8221; position=&#8221;left&#8221; color=&#8221;#fc0&#8243; thickness=&#8221;2&#8243; width=&#8221;50&#8243; down=&#8221;8&#8243;]Descripci\u00f3 t\u00e8cnica de cookies utilitzades<\/h1>\n<p>[\/vc_column_text][\/vc_column][\/vc_row][vc_row css_animation=&#8221;&#8221; row_type=&#8221;row&#8221; use_row_as_full_screen_section=&#8221;no&#8221; type=&#8221;grid&#8221; angled_section=&#8221;no&#8221; text_align=&#8221;left&#8221; background_image_as_pattern=&#8221;without_pattern&#8221; css=&#8221;.vc_custom_1563339337415{margin-top: 50px !important;}&#8221; z_index=&#8221;&#8221;][vc_column][vc_column_text]<\/p>\n<table class=\"taulaCookies\" style=\"font-size: 12px;\" border=\"0\" cellspacing=\"0\" cellpadding=\"5\">\n<tbody>\n<tr>\n<td class=\"tit\" style=\"width: 60px;\"><span style=\"vertical-align: inherit;\"><span style=\"vertical-align: inherit;\">nom<\/span><\/span><\/td>\n<td class=\"tit\" style=\"width: 60px;\"><span style=\"vertical-align: inherit;\"><span style=\"vertical-align: inherit;\">titular<\/span><\/span><\/td>\n<td class=\"tit\" style=\"width: 220px;\"><span style=\"vertical-align: inherit;\"><span style=\"vertical-align: inherit;\">duraci\u00f3<\/span><\/span><\/td>\n<td class=\"tit\" style=\"width: 580px;\"><span style=\"vertical-align: inherit;\"><span style=\"vertical-align: inherit;\">finalitat<\/span><\/span><\/td>\n<\/tr>\n<tr>\n<td><span style=\"vertical-align: inherit;\"><span style=\"vertical-align: inherit;\">_ga<\/span><\/span><\/td>\n<td><span style=\"vertical-align: inherit;\"><span style=\"vertical-align: inherit;\">google<\/span><\/span><\/td>\n<td><span style=\"vertical-align: inherit;\"><span style=\"vertical-align: inherit;\">2 anys<\/span><\/span><\/td>\n<td>Es fa servir per controlar els visitants \u00fanics del web, emmagatzema un identificador de client \u00fanic.<\/td>\n<\/tr>\n<tr>\n<td><span style=\"vertical-align: inherit;\"><span style=\"vertical-align: inherit;\">_gat<\/span><\/span><\/td>\n<td><span style=\"vertical-align: inherit;\"><span style=\"vertical-align: inherit;\">google<\/span><\/span><\/td>\n<td><span style=\"vertical-align: inherit;\"><span style=\"vertical-align: inherit;\">10 minuts<\/span><\/span><\/td>\n<td>Es fa servir per diferenciar entre els diferents objectes de seguiment creats a la sessi\u00f3.<\/td>\n<\/tr>\n<tr>\n<td><span style=\"vertical-align: inherit;\"><span style=\"vertical-align: inherit;\">_gid<\/span><\/span><\/td>\n<td><span style=\"vertical-align: inherit;\"><span style=\"vertical-align: inherit;\">google<\/span><\/span><\/td>\n<td><span style=\"vertical-align: inherit;\"><span style=\"vertical-align: inherit;\">24 hores<\/span><\/span><\/td>\n<td>S&#8217;utilitza per a distingir els usuaris.<\/td>\n<\/tr>\n<tr>\n<td><span style=\"vertical-align: inherit;\"><span style=\"vertical-align: inherit;\">cookielawinfo-checkbox-non-necessary<\/span><\/span><\/td>\n<td><span style=\"vertical-align: inherit;\"><span style=\"vertical-align: inherit;\">wordpress<\/span><\/span><\/td>\n<td><span style=\"vertical-align: inherit;\"><span style=\"vertical-align: inherit;\">sessi\u00f3<\/span><\/span><\/td>\n<td>Guarda la informaci\u00f3 de l&#8217;usuari sobre l&#8217;acceptaci\u00f3 de les cookies<\/td>\n<\/tr>\n<tr>\n<td><span style=\"vertical-align: inherit;\"><span style=\"vertical-align: inherit;\">viewed_cookie_policy<\/span><\/span><\/td>\n<td><span style=\"vertical-align: inherit;\">wordpress<\/span><\/td>\n<td><span style=\"vertical-align: inherit;\"><span style=\"vertical-align: inherit;\">1 any<\/span><\/span><\/td>\n<td>Guarda la informaci\u00f3 de l&#8217;usuari sobre l&#8217;acceptaci\u00f3 de les cookies<\/td>\n<\/tr>\n<\/tbody>\n<\/table>\n<p>[\/vc_column_text][vc_empty_space][vc_column_text]informaci\u00f3 de cookies utilitzades extreta de:<\/p>\n<p>&nbsp;<\/p>\n<p><a href=\"https:\/\/developers.google.com\/analytics\/devguides\/collection\/analyticsjs\/cookie-usage#gajs\">https:\/\/developers.google.com\/analytics\/devguides\/collection\/analyticsjs\/cookie-usage#gajs<\/a><\/p>\n<p>[\/vc_column_text][vc_empty_space height=&#8221;80px&#8221;][\/vc_column][\/vc_row]<\/p>\n<\/section>","protected":false},"excerpt":{"rendered":"<p>[vc_row css_animation=&#8221;&#8221; row_type=&#8221;row&#8221; use_row_as_full_screen_section=&#8221;no&#8221; type=&#8221;grid&#8221; angled_section=&#8221;no&#8221; text_align=&#8221;left&#8221; background_image_as_pattern=&#8221;without_pattern&#8221; css=&#8221;.vc_custom_1563339337415{margin-top: 50px !important;}&#8221; z_index=&#8221;&#8221;][vc_column][vc_column_text]Aquesta web utilitza cookies de tercers per analitzar la navegaci\u00f3 de l&#8217;usuari. Amb la mera navegaci\u00f3 (amb el navegador habilitat per acceptar cookies), l&#8217;usuari accepta la instal\u00b7laci\u00f3 de cookies, llevat que s&#8217;hi oposi, segons&#8230;<\/p>\n","protected":false},"author":1,"featured_media":0,"parent":0,"menu_order":0,"comment_status":"closed","ping_status":"open","template":"full_width.php","meta":{"footnotes":""},"class_list":["post-1372","page","type-page","status-publish","hentry"],"_links":{"self":[{"href":"https:\/\/ramongrafic.com\/ca\/wp-json\/wp\/v2\/pages\/1372","targetHints":{"allow":["GET"]}}],"collection":[{"href":"https:\/\/ramongrafic.com\/ca\/wp-json\/wp\/v2\/pages"}],"about":[{"href":"https:\/\/ramongrafic.com\/ca\/wp-json\/wp\/v2\/types\/page"}],"author":[{"embeddable":true,"href":"https:\/\/ramongrafic.com\/ca\/wp-json\/wp\/v2\/users\/1"}],"replies":[{"embeddable":true,"href":"https:\/\/ramongrafic.com\/ca\/wp-json\/wp\/v2\/comments?post=1372"}],"version-history":[{"count":16,"href":"https:\/\/ramongrafic.com\/ca\/wp-json\/wp\/v2\/pages\/1372\/revisions"}],"predecessor-version":[{"id":1536,"href":"https:\/\/ramongrafic.com\/ca\/wp-json\/wp\/v2\/pages\/1372\/revisions\/1536"}],"wp:attachment":[{"href":"https:\/\/ramongrafic.com\/ca\/wp-json\/wp\/v2\/media?parent=1372"}],"curies":[{"name":"wp","href":"https:\/\/api.w.org\/{rel}","templated":true}]}}