{"id":845,"date":"2019-06-17T11:25:26","date_gmt":"2019-06-17T11:25:26","guid":{"rendered":"https:\/\/demo.ramongrafic.com\/quien-somos\/"},"modified":"2019-07-16T13:55:58","modified_gmt":"2019-07-16T13:55:58","slug":"qui-som","status":"publish","type":"page","link":"https:\/\/ramongrafic.com\/ca\/qui-som\/","title":{"rendered":"Qui som"},"content":{"rendered":"<section class=\"wpb-content-wrapper\"><p>[vc_row css_animation=&#8221;&#8221; row_type=&#8221;row&#8221; use_row_as_full_screen_section=&#8221;no&#8221; type=&#8221;full_width&#8221; angled_section=&#8221;no&#8221; text_align=&#8221;left&#8221; background_image_as_pattern=&#8221;without_pattern&#8221; el_class=&#8221;row-with-separator&#8221; z_index=&#8221;&#8221;][vc_column css=&#8221;.vc_custom_1516792023205{margin-top: 0px !important;margin-right: 0px !important;margin-bottom: 0px !important;margin-left: 0px !important;padding-right: 0px !important;padding-left: 0px !important;}&#8221;][qode_elements_holder number_of_columns=&#8221;two_columns&#8221; switch_to_one_column=&#8221;1000&#8243;][qode_elements_holder_item background_image=&#8221;1451&#8243; item_padding=&#8221;20% 15% 42.8%&#8221; vertical_alignment=&#8221;top&#8221; advanced_animations=&#8221;no&#8221; item_padding_1280_1440=&#8221;0% 5% 35% 9%&#8221; item_padding_1024_1280=&#8221;14% 4% 46% 8%&#8221; item_padding_768_1024=&#8221;0% 0% 30% 7%&#8221; item_padding_600_768=&#8221;15% 9% 32%&#8221; item_padding_480_600=&#8221;16% 0% 33%&#8221; item_padding_480=&#8221;16% 0% 33%&#8221; custom_class=&#8221;backgroundBottom&#8221;][vc_column_text]<\/p>\n<h1 style=\"font-weight: 300;\">[vc_separator type=&#8221;small&#8221; position=&#8221;left&#8221; color=&#8221;#fc0&#8243; thickness=&#8221;2&#8243; width=&#8221;100&#8243; down=&#8221;15&#8243;]ramongrafic<\/h1>\n<p>[\/vc_column_text][vc_column_text]<\/p>\n<h1 style=\"font-weight: 900; margin-left: 50px;\">ARTS GR\u00c0FIQUES<\/h1>\n<p>[\/vc_column_text][vc_empty_space height=&#8221;20px&#8221;][\/qode_elements_holder_item][qode_elements_holder_item item_padding=&#8221;20% 15% 13%&#8221; advanced_animations=&#8221;no&#8221; item_padding_1280_1440=&#8221;14% 15% 14% 7%&#8221; item_padding_1024_1280=&#8221;14% 4% 14% 8%&#8221; item_padding_768_1024=&#8221;12% 5% 12% 1%&#8221; item_padding_600_768=&#8221;15% 20% 15% 10&#8243; item_padding_480_600=&#8221;17% 20% 17% 0%&#8221; item_padding_480=&#8221;17% 20% 17% 0%&#8221;][vc_column_text]<\/p>\n<p style=\"margin-right: 1%;\">El nostre personal t\u00e9 una dilatada experi\u00e8ncia de m\u00e9s de 25 anys en el sector de les arts gr\u00e0fiques, preparat per donar forma a les seves idees amb solucions creatives, eficaces i rendibles. Comptem amb maquin\u00e0ria especialitzada i \u00faltimes tecnologies per oferir la m\u00e0xima qualitat i innovaci\u00f3 en els nostres productes, oferint-li una relaci\u00f3 qualitat-preu immillorable.<\/p>\n<p>[\/vc_column_text][vc_empty_space height=&#8221;20px&#8221;][vc_column_text]<\/p>\n<p style=\"margin-right: 1%;\">Posem a la seva disposici\u00f3 un gran ventall de possibilitats per a la seva imatge corporativa i publicit\u00e0ria de la seva botiga o negoci, amb les millors solucions en impressi\u00f3 digital tant de petit com a gran format.<\/p>\n<p>[\/vc_column_text][vc_empty_space height=&#8221;20px&#8221;][vc_column_text]<\/p>\n<p style=\"margin-right: 1%;\">Oferim els nostres serveis ja sigui a particulars o a empreses, dedicant-nos amb afany per satisfer les necessitats dels nostres clients.<\/p>\n<p>[\/vc_column_text][vc_empty_space height=&#8221;20px&#8221;][vc_column_text]<\/p>\n<p style=\"margin-right: 1%;\">Consulteu-nos i l&#8217;informarem sense comprom\u00eds sobre els nostres productes i serveis.<\/p>\n<p>[\/vc_column_text][vc_empty_space height=&#8221;40px&#8221; el_class=&#8221;empty-space-hidden&#8221;]\n\n\t<a href=\"\/ca\/contacte\/\" target=\"_self\" style=\"color: #1a1917;margin: 0px 0px 0px 110px\" class=\"qode-btn qode-btn-medium qode-btn-simple qode-btn-custom-hover-color qode-btn-custom-icon-bg-hover-color qode-btn-icon qodef-btn-icon-square qode-btn-default-hover\" data-hover-color=\"#333333\" >\n\t    <span class=\"qode-btn-text\">M\u00e9s informaci\u00f3<\/span><span class=\"qode-button-v2-icon-holder\" style=\"font-size: 23px;border-color: #ffffff;background-color: #ffcc00\" data-hover-icon-border-color=\"#ffffff\" data-hover-icon-bg-color=\"#ffcc00\"><span aria-hidden=\"true\" class=\"qode_icon_font_elegant arrow_triangle-right qode-button-v2-icon-holder-inner\" ><\/span><\/span>\t<\/a>\n\n[\/qode_elements_holder_item][\/qode_elements_holder][\/vc_column][\/vc_row]<\/p>\n<\/section>","protected":false},"excerpt":{"rendered":"<p>[vc_row css_animation=&#8221;&#8221; row_type=&#8221;row&#8221; use_row_as_full_screen_section=&#8221;no&#8221; type=&#8221;full_width&#8221; angled_section=&#8221;no&#8221; text_align=&#8221;left&#8221; background_image_as_pattern=&#8221;without_pattern&#8221; el_class=&#8221;row-with-separator&#8221; z_index=&#8221;&#8221;][vc_column css=&#8221;.vc_custom_1516792023205{margin-top: 0px !important;margin-right: 0px !important;margin-bottom: 0px !important;margin-left: 0px !important;padding-right: 0px !important;padding-left: 0px !important;}&#8221;][qode_elements_holder number_of_columns=&#8221;two_columns&#8221; switch_to_one_column=&#8221;1000&#8243;][qode_elements_holder_item background_image=&#8221;1451&#8243; item_padding=&#8221;20% 15% 42.8%&#8221; vertical_alignment=&#8221;top&#8221; advanced_animations=&#8221;no&#8221; item_padding_1280_1440=&#8221;0% 5% 35% 9%&#8221; item_padding_1024_1280=&#8221;14% 4% 46% 8%&#8221; item_padding_768_1024=&#8221;0% 0% 30% 7%&#8221; item_padding_600_768=&#8221;15% 9%&#8230;<\/p>\n","protected":false},"author":1,"featured_media":0,"parent":0,"menu_order":0,"comment_status":"closed","ping_status":"open","template":"full_width.php","meta":{"footnotes":""},"class_list":["post-845","page","type-page","status-publish","hentry"],"_links":{"self":[{"href":"https:\/\/ramongrafic.com\/ca\/wp-json\/wp\/v2\/pages\/845","targetHints":{"allow":["GET"]}}],"collection":[{"href":"https:\/\/ramongrafic.com\/ca\/wp-json\/wp\/v2\/pages"}],"about":[{"href":"https:\/\/ramongrafic.com\/ca\/wp-json\/wp\/v2\/types\/page"}],"author":[{"embeddable":true,"href":"https:\/\/ramongrafic.com\/ca\/wp-json\/wp\/v2\/users\/1"}],"replies":[{"embeddable":true,"href":"https:\/\/ramongrafic.com\/ca\/wp-json\/wp\/v2\/comments?post=845"}],"version-history":[{"count":7,"href":"https:\/\/ramongrafic.com\/ca\/wp-json\/wp\/v2\/pages\/845\/revisions"}],"predecessor-version":[{"id":1459,"href":"https:\/\/ramongrafic.com\/ca\/wp-json\/wp\/v2\/pages\/845\/revisions\/1459"}],"wp:attachment":[{"href":"https:\/\/ramongrafic.com\/ca\/wp-json\/wp\/v2\/media?parent=845"}],"curies":[{"name":"wp","href":"https:\/\/api.w.org\/{rel}","templated":true}]}}