{"id":930,"date":"2018-01-23T11:51:09","date_gmt":"2018-01-23T11:51:09","guid":{"rendered":"https:\/\/demo.ramongrafic.com\/servicios\/"},"modified":"2019-07-17T07:18:07","modified_gmt":"2019-07-17T07:18:07","slug":"serveis","status":"publish","type":"page","link":"https:\/\/ramongrafic.com\/ca\/serveis\/","title":{"rendered":"Serveis"},"content":{"rendered":"<section class=\"wpb-content-wrapper\"><p>[vc_row css_animation=&#8221;&#8221; row_type=&#8221;row&#8221; use_row_as_full_screen_section=&#8221;no&#8221; type=&#8221;full_width&#8221; angled_section=&#8221;no&#8221; text_align=&#8221;left&#8221; background_image_as_pattern=&#8221;without_pattern&#8221; el_class=&#8221;row-with-separator&#8221; z_index=&#8221;&#8221;][vc_column css=&#8221;.vc_custom_1516792023205{margin-top: 0px !important;margin-right: 0px !important;margin-bottom: 0px !important;margin-left: 0px !important;padding-right: 0px !important;padding-left: 0px !important;}&#8221;][qode_elements_holder number_of_columns=&#8221;two_columns&#8221; switch_to_one_column=&#8221;1000&#8243;][qode_elements_holder_item item_padding=&#8221;20% 15% 48%&#8221; vertical_alignment=&#8221;top&#8221; advanced_animations=&#8221;no&#8221; item_padding_1280_1440=&#8221;0% 5% 35% 9%&#8221; item_padding_1024_1280=&#8221;14% 4% 46% 8%&#8221; item_padding_768_1024=&#8221;0% 0% 30% 7%&#8221; item_padding_600_768=&#8221;15% 9% 32%&#8221; item_padding_480_600=&#8221;16% 0% 33%&#8221; item_padding_480=&#8221;16% 0% 33%&#8221;][vc_column_text]<\/p>\n<h1 style=\"font-weight: 300;\">[vc_separator type=&#8221;small&#8221; position=&#8221;left&#8221; color=&#8221;#fc0&#8243; thickness=&#8221;2&#8243; width=&#8221;100&#8243; down=&#8221;15&#8243;]SERVEIS<\/h1>\n<p>[\/vc_column_text][vc_column_text]<\/p>\n<h1 style=\"font-weight: 900; margin-left: 50px;\">A MIDA<\/h1>\n<p>[\/vc_column_text][vc_empty_space height=&#8221;39px&#8221;][vc_column_text]<\/p>\n<p style=\"margin-left: 110px; margin-right: 13%;\"><b>Ramongrafic<\/b>\u00a0posa a la seva disposici\u00f3 tots els serveis relacionats amb la nostra activitat oferint-li un servei totalment integral perqu\u00e8 vost\u00e8 no s&#8217;hagi de preocupar de res.<\/p>\n<p>[\/vc_column_text][vc_empty_space height=&#8221;50px&#8221;][vc_empty_space height=&#8221;40px&#8221; el_class=&#8221;empty-space-hidden&#8221;][\/qode_elements_holder_item][qode_elements_holder_item item_padding=&#8221;20% 15% 28%&#8221; vertical_alignment=&#8221;top&#8221; advanced_animations=&#8221;no&#8221; item_padding_1280_1440=&#8221;14% 15% 14% 7%&#8221; item_padding_1024_1280=&#8221;14% 4% 14% 8%&#8221; item_padding_768_1024=&#8221;12% 5% 12% 1%&#8221; item_padding_600_768=&#8221;15% 20% 15% 10&#8243; item_padding_480_600=&#8221;17% 20% 17% 0%&#8221; item_padding_480=&#8221;17% 20% 17% 0%&#8221; custom_class=&#8221;serveisList&#8221;][vc_column_text]<\/p>\n<h1 style=\"font-weight: 300;\">[vc_separator type=&#8221;small&#8221; position=&#8221;left&#8221; color=&#8221;#fc0&#8243; thickness=&#8221;2&#8243; width=&#8221;100&#8243; down=&#8221;15&#8243;]ELS NOSTRES<\/h1>\n<p>[\/vc_column_text][vc_column_text]<\/p>\n<h1 style=\"font-weight: 900; margin-left: 50px;\">SERVEIS<\/h1>\n<p>[\/vc_column_text][vc_empty_space height=&#8221;39px&#8221;][vc_column_text]<\/p>\n<p style=\"margin-left: 110px; margin-right: 1%;\">Aqu\u00ed pot trobar la llista de serveis que oferim.<\/p>\n<p>[\/vc_column_text][vc_empty_space height=&#8221;39px&#8221;][vc_row_inner row_type=&#8221;row&#8221; type=&#8221;full_width&#8221; text_align=&#8221;left&#8221; css_animation=&#8221;&#8221; css=&#8221;.vc_custom_1560940418527{margin-left: 10px !important;}&#8221;][vc_column_inner css=&#8221;.vc_custom_1516791618999{margin-left: 42px !important;}&#8221;]<div class='q_icon_with_title small normal_icon left_from_title '><div class=\"icon_text_holder\" style=\"\"><div class=\"icon_text_inner\" style=\"\"><div class=\"icon_title_holder\"><div class=\"icon_holder \" style=\" \"><span data-icon-type=\"normal\"   style=\"\" class=\"qode_iwt_icon_holder q_font_awsome_icon fa-2x  \"><i class=\"qode_icon_font_awesome fa fa-arrow-circle-right qode_iwt_icon_element\" style=\"\" ><\/i><\/span><\/div><h5 class=\"icon_title\" style=\"\">R\u00c8TOLS<\/h5><\/div><p style=''><\/p><a itemprop='url' class='icon_with_title_link' href='\/ca\/serveis\/retols\/' target='_self' style=''>M\u00e9s informaci\u00f3<\/a><\/div><\/div><\/div><div class='q_icon_with_title small normal_icon left_from_title '><div class=\"icon_text_holder\" style=\"\"><div class=\"icon_text_inner\" style=\"\"><div class=\"icon_title_holder\"><div class=\"icon_holder \" style=\" \"><span data-icon-type=\"normal\"   style=\"\" class=\"qode_iwt_icon_holder q_font_awsome_icon fa-2x  \"><i class=\"qode_icon_font_awesome fa fa-arrow-circle-right qode_iwt_icon_element\" style=\"\" ><\/i><\/span><\/div><h5 class=\"icon_title\" style=\"\">CARTELLS<\/h5><\/div><p style=''><\/p><a itemprop='url' class='icon_with_title_link' href='\/ca\/serveis\/cartells\/' target='_self' style=''>M\u00e9s informaci\u00f3<\/a><\/div><\/div><\/div><div class='q_icon_with_title small normal_icon left_from_title '><div class=\"icon_text_holder\" style=\"\"><div class=\"icon_text_inner\" style=\"\"><div class=\"icon_title_holder\"><div class=\"icon_holder \" style=\" \"><span data-icon-type=\"normal\"   style=\"\" class=\"qode_iwt_icon_holder q_font_awsome_icon fa-2x  \"><i class=\"qode_icon_font_awesome fa fa-arrow-circle-right qode_iwt_icon_element\" style=\"\" ><\/i><\/span><\/div><h5 class=\"icon_title\" style=\"\">VEHICLES<\/h5><\/div><p style=''><\/p><a itemprop='url' class='icon_with_title_link' href='\/ca\/serveis\/vehicles\/' target='_self' style=''>M\u00e9s informaci\u00f3<\/a><\/div><\/div><\/div><div class='q_icon_with_title small normal_icon left_from_title '><div class=\"icon_text_holder\" style=\"\"><div class=\"icon_text_inner\" style=\"\"><div class=\"icon_title_holder\"><div class=\"icon_holder \" style=\" \"><span data-icon-type=\"normal\"   style=\"\" class=\"qode_iwt_icon_holder q_font_awsome_icon fa-2x  \"><i class=\"qode_icon_font_awesome fa fa-arrow-circle-right qode_iwt_icon_element\" style=\"\" ><\/i><\/span><\/div><h5 class=\"icon_title\" style=\"\">LLETRES CORP\u00d2RIES<\/h5><\/div><p style=''><\/p><a itemprop='url' class='icon_with_title_link' href='\/ca\/serveis\/lletres-corpories\/' target='_self' style=''>M\u00e9s informaci\u00f3<\/a><\/div><\/div><\/div><div class='q_icon_with_title small normal_icon left_from_title '><div class=\"icon_text_holder\" style=\"\"><div class=\"icon_text_inner\" style=\"\"><div class=\"icon_title_holder\"><div class=\"icon_holder \" style=\" \"><span data-icon-type=\"normal\"   style=\"\" class=\"qode_iwt_icon_holder q_font_awsome_icon fa-2x  \"><i class=\"qode_icon_font_awesome fa fa-arrow-circle-right qode_iwt_icon_element\" style=\"\" ><\/i><\/span><\/div><h5 class=\"icon_title\" style=\"\">Retolaci\u00f3 en exteriors<\/h5><\/div><p style=''><\/p><a itemprop='url' class='icon_with_title_link' href='\/ca\/serveis\/retolacio-en-exteriors\/' target='_self' style=''>M\u00e9s informaci\u00f3<\/a><\/div><\/div><\/div><div class='q_icon_with_title small normal_icon left_from_title '><div class=\"icon_text_holder\" style=\"\"><div class=\"icon_text_inner\" style=\"\"><div class=\"icon_title_holder\"><div class=\"icon_holder \" style=\" \"><span data-icon-type=\"normal\"   style=\"\" class=\"qode_iwt_icon_holder q_font_awsome_icon fa-2x  \"><i class=\"qode_icon_font_awesome fa fa-arrow-circle-right qode_iwt_icon_element\" style=\"\" ><\/i><\/span><\/div><h5 class=\"icon_title\" style=\"\">BANDEROLES<\/h5><\/div><p style=''><\/p><a itemprop='url' class='icon_with_title_link' href='\/ca\/serveis\/banderoles\/' target='_self' style=''>M\u00e9s informaci\u00f3<\/a><\/div><\/div><\/div><div class='q_icon_with_title small normal_icon left_from_title '><div class=\"icon_text_holder\" style=\"\"><div class=\"icon_text_inner\" style=\"\"><div class=\"icon_title_holder\"><div class=\"icon_holder \" style=\" \"><span data-icon-type=\"normal\"   style=\"\" class=\"qode_iwt_icon_holder q_font_awsome_icon fa-2x  \"><i class=\"qode_icon_font_awesome fa fa-arrow-circle-right qode_iwt_icon_element\" style=\"\" ><\/i><\/span><\/div><h5 class=\"icon_title\" style=\"\">VINILS<\/h5><\/div><p style=''><\/p><a itemprop='url' class='icon_with_title_link' href='\/ca\/serveis\/vinils\/' target='_self' style=''>M\u00e9s informaci\u00f3<\/a><\/div><\/div><\/div><div class='q_icon_with_title small normal_icon left_from_title '><div class=\"icon_text_holder\" style=\"\"><div class=\"icon_text_inner\" style=\"\"><div class=\"icon_title_holder\"><div class=\"icon_holder \" style=\" \"><span data-icon-type=\"normal\"   style=\"\" class=\"qode_iwt_icon_holder q_font_awsome_icon fa-2x  \"><i class=\"qode_icon_font_awesome fa fa-arrow-circle-right qode_iwt_icon_element\" style=\"\" ><\/i><\/span><\/div><h5 class=\"icon_title\" style=\"\">MARXANDATGE<\/h5><\/div><p style=''><\/p><a itemprop='url' class='icon_with_title_link' href='\/ca\/serveis\/marxandatge\/' target='_self' style=''>M\u00e9s informaci\u00f3<\/a><\/div><\/div><\/div><div class='q_icon_with_title small normal_icon left_from_title '><div class=\"icon_text_holder\" style=\"\"><div class=\"icon_text_inner\" style=\"\"><div class=\"icon_title_holder\"><div class=\"icon_holder \" style=\" \"><span data-icon-type=\"normal\"   style=\"\" class=\"qode_iwt_icon_holder q_font_awsome_icon fa-2x  \"><i class=\"qode_icon_font_awesome fa fa-arrow-circle-right qode_iwt_icon_element\" style=\"\" ><\/i><\/span><\/div><h5 class=\"icon_title\" style=\"\">PAPERERIA<\/h5><\/div><p style=''><\/p><a itemprop='url' class='icon_with_title_link' href='\/ca\/serveis\/papereria\/' target='_self' style=''>M\u00e9s informaci\u00f3<\/a><\/div><\/div><\/div><div class='q_icon_with_title small normal_icon left_from_title '><div class=\"icon_text_holder\" style=\"\"><div class=\"icon_text_inner\" style=\"\"><div class=\"icon_title_holder\"><div class=\"icon_holder \" style=\" \"><span data-icon-type=\"normal\"   style=\"\" class=\"qode_iwt_icon_holder q_font_awsome_icon fa-2x  \"><i class=\"qode_icon_font_awesome fa fa-arrow-circle-right qode_iwt_icon_element\" style=\"\" ><\/i><\/span><\/div><h5 class=\"icon_title\" style=\"\">DISSENY GR\u00c0FIC<\/h5><\/div><p style=''><\/p><a itemprop='url' class='icon_with_title_link' href='\/ca\/serveis\/disseny-gr\u00e0fic\/' target='_self' style=''>M\u00e9s informaci\u00f3<\/a><\/div><\/div><\/div>[\/vc_column_inner][\/vc_row_inner][\/qode_elements_holder_item][\/qode_elements_holder][\/vc_column][\/vc_row]<\/p>\n<\/section>","protected":false},"excerpt":{"rendered":"<p>[vc_row css_animation=&#8221;&#8221; row_type=&#8221;row&#8221; use_row_as_full_screen_section=&#8221;no&#8221; type=&#8221;full_width&#8221; angled_section=&#8221;no&#8221; text_align=&#8221;left&#8221; background_image_as_pattern=&#8221;without_pattern&#8221; el_class=&#8221;row-with-separator&#8221; z_index=&#8221;&#8221;][vc_column css=&#8221;.vc_custom_1516792023205{margin-top: 0px !important;margin-right: 0px !important;margin-bottom: 0px !important;margin-left: 0px !important;padding-right: 0px !important;padding-left: 0px !important;}&#8221;][qode_elements_holder number_of_columns=&#8221;two_columns&#8221; switch_to_one_column=&#8221;1000&#8243;][qode_elements_holder_item item_padding=&#8221;20% 15% 48%&#8221; vertical_alignment=&#8221;top&#8221; advanced_animations=&#8221;no&#8221; item_padding_1280_1440=&#8221;0% 5% 35% 9%&#8221; item_padding_1024_1280=&#8221;14% 4% 46% 8%&#8221; item_padding_768_1024=&#8221;0% 0% 30% 7%&#8221; item_padding_600_768=&#8221;15% 9% 32%&#8221;&#8230;<\/p>\n","protected":false},"author":1,"featured_media":0,"parent":0,"menu_order":0,"comment_status":"closed","ping_status":"open","template":"full_width.php","meta":{"footnotes":""},"class_list":["post-930","page","type-page","status-publish","hentry"],"_links":{"self":[{"href":"https:\/\/ramongrafic.com\/ca\/wp-json\/wp\/v2\/pages\/930","targetHints":{"allow":["GET"]}}],"collection":[{"href":"https:\/\/ramongrafic.com\/ca\/wp-json\/wp\/v2\/pages"}],"about":[{"href":"https:\/\/ramongrafic.com\/ca\/wp-json\/wp\/v2\/types\/page"}],"author":[{"embeddable":true,"href":"https:\/\/ramongrafic.com\/ca\/wp-json\/wp\/v2\/users\/1"}],"replies":[{"embeddable":true,"href":"https:\/\/ramongrafic.com\/ca\/wp-json\/wp\/v2\/comments?post=930"}],"version-history":[{"count":10,"href":"https:\/\/ramongrafic.com\/ca\/wp-json\/wp\/v2\/pages\/930\/revisions"}],"predecessor-version":[{"id":1186,"href":"https:\/\/ramongrafic.com\/ca\/wp-json\/wp\/v2\/pages\/930\/revisions\/1186"}],"wp:attachment":[{"href":"https:\/\/ramongrafic.com\/ca\/wp-json\/wp\/v2\/media?parent=930"}],"curies":[{"name":"wp","href":"https:\/\/api.w.org\/{rel}","templated":true}]}}