{"id":939,"date":"2019-06-19T11:18:27","date_gmt":"2019-06-19T11:18:27","guid":{"rendered":"https:\/\/demo.ramongrafic.com\/servicios\/merchandising\/"},"modified":"2019-07-15T11:09:15","modified_gmt":"2019-07-15T11:09:15","slug":"marxandatge","status":"publish","type":"page","link":"https:\/\/ramongrafic.com\/ca\/serveis\/marxandatge\/","title":{"rendered":"Marxandatge"},"content":{"rendered":"<section class=\"wpb-content-wrapper\"><p>[vc_row css_animation=&#8221;&#8221; row_type=&#8221;row&#8221; use_row_as_full_screen_section=&#8221;no&#8221; type=&#8221;full_width&#8221; angled_section=&#8221;no&#8221; text_align=&#8221;left&#8221; background_image_as_pattern=&#8221;without_pattern&#8221; el_class=&#8221;row-with-separator&#8221; z_index=&#8221;&#8221;][vc_column css=&#8221;.vc_custom_1516792023205{margin-top: 0px !important;margin-right: 0px !important;margin-bottom: 0px !important;margin-left: 0px !important;padding-right: 0px !important;padding-left: 0px !important;}&#8221;][qode_elements_holder number_of_columns=&#8221;two_columns&#8221; switch_to_one_column=&#8221;1000&#8243;][qode_elements_holder_item item_padding=&#8221;20% 15% 8%&#8221; vertical_alignment=&#8221;top&#8221; advanced_animations=&#8221;no&#8221; item_padding_1280_1440=&#8221;0% 5% 35% 9%&#8221; item_padding_1024_1280=&#8221;14% 4% 46% 8%&#8221; item_padding_768_1024=&#8221;0% 0% 30% 7%&#8221; item_padding_600_768=&#8221;15% 9% 32%&#8221; item_padding_480_600=&#8221;16% 0% 33%&#8221; item_padding_480=&#8221;16% 0% 33%&#8221;][vc_column_text]<\/p>\n<h1 style=\"font-weight: 300;\">[vc_separator type=&#8221;small&#8221; position=&#8221;left&#8221; color=&#8221;#FC0&#8243; thickness=&#8221;2&#8243; width=&#8221;100&#8243; down=&#8221;15&#8243;]08.Marxandatge<\/h1>\n<p>[\/vc_column_text][vc_empty_space height=&#8221;39px&#8221;][vc_column_text]<\/p>\n<p style=\"margin: 0px 0px 0px 70px;\">Disposem d&#8217;un ampli cat\u00e0leg de productes personalitzables per a promoci\u00f3 i m\u00e0rqueting.<\/p>\n<p>[\/vc_column_text][vc_empty_space height=&#8221;39px&#8221;][vc_row_inner row_type=&#8221;row&#8221; type=&#8221;full_width&#8221; text_align=&#8221;left&#8221; css_animation=&#8221;&#8221; css=&#8221;.vc_custom_1560940418527{margin-left: 10px !important;}&#8221;][vc_column_inner css=&#8221;.vc_custom_1516791618999{margin-left: 42px !important;}&#8221;]<div class='q_icon_with_title small normal_icon '><div class=\"icon_holder \" style=\" \"><span data-icon-type=\"normal\"   style=\"\" class=\"qode_iwt_icon_holder q_font_awsome_icon fa-2x  \"><i class=\"qode_icon_font_awesome fa fa-arrow-circle-right qode_iwt_icon_element\" style=\"\" ><\/i><\/span><\/div><div class=\"icon_text_holder\" style=\"\"><div class=\"icon_text_inner\" style=\"\"><h5 class=\"icon_title\" style=\"\">Retolaci\u00f3 t\u00e8xtil<\/h5><p style=''>Tenim un cat\u00e0leg t\u00e8xtil, amb una varietat de peces perqu\u00e8 puguis personalitzar la teva empresa i vam gravar estampaci\u00f3 les peces o roba laboral, ja sigui en vinil, en serigrafia o en impressi\u00f3 directa.<\/p><a itemprop='url' class='icon_with_title_link' href='\/wp-content\/uploads\/2019\/07\/sudadera_redimensionar.jpg' target='_self' style=''>exemple<\/a><\/div><\/div><\/div>[vc_empty_space height=&#8221;20px&#8221;]<div class='q_icon_with_title small normal_icon '><div class=\"icon_holder \" style=\" \"><span data-icon-type=\"normal\"   style=\"\" class=\"qode_iwt_icon_holder q_font_awsome_icon fa-2x  \"><i class=\"qode_icon_font_awesome fa fa-arrow-circle-right qode_iwt_icon_element\" style=\"\" ><\/i><\/span><\/div><div class=\"icon_text_holder\" style=\"\"><div class=\"icon_text_inner\" style=\"\"><h5 class=\"icon_title\" style=\"\">Tasses (interior: blanc i colors), calendaris, p\u00f2sters, imants, quadres, targetes de PVC, photocall, roll-up, etc.<\/h5><p style=''>S\u00f3n alguns dels nostres productes que els podem proporcionar a la nostra botiga per personalitzar.<\/p><a itemprop='url' class='icon_with_title_link' href='\/wp-content\/uploads\/2019\/07\/tazas-de-color.jpg' target='_self' style=''>exemple<\/a><\/div><\/div><\/div>[vc_empty_space height=&#8221;20px&#8221;]<div class='q_icon_with_title small normal_icon '><div class=\"icon_holder \" style=\" \"><span data-icon-type=\"normal\"   style=\"\" class=\"qode_iwt_icon_holder q_font_awsome_icon fa-2x  \"><i class=\"qode_icon_font_awesome fa fa-arrow-circle-right qode_iwt_icon_element\" style=\"\" ><\/i><\/span><\/div><div class=\"icon_text_holder\" style=\"\"><div class=\"icon_text_inner\" style=\"\"><h5 class=\"icon_title\" style=\"\">Banderes<\/h5><p style=''>Les banderes s\u00f3n de tela d'impressi\u00f3 digital, de qualsevol tipus i mida.<\/p><\/div><\/div><\/div>[vc_empty_space height=&#8221;5px&#8221;][vc_column_text css=&#8221;.vc_custom_1563188177384{margin-left: 50px !important;}&#8221;]<span data-type=\"normal\" data-hover-icon-color=\"#ffcc00\" class=\"qode_icon_shortcode  q_font_awsome_icon fa-lg  \" style=\"margin: 0px 10px 0px 0px; \"><i class=\"qode_icon_font_awesome fa fa-arrow-circle-right qode_icon_element\" style=\"color: #ffcc00;\" ><\/i><\/span> Deco Flag (gota) &#8211; <a style=\"color: #fc0;\" href=\"\/wp-content\/uploads\/2019\/07\/banderas.jpg\">exemple<\/a>[\/vc_column_text][vc_empty_space height=&#8221;5px&#8221;][vc_column_text css=&#8221;.vc_custom_1563188097256{margin-left: 50px !important;}&#8221;]<span data-type=\"normal\" data-hover-icon-color=\"#ffcc00\" class=\"qode_icon_shortcode  q_font_awsome_icon fa-lg  \" style=\"margin: 0px 10px 0px 0px; \"><i class=\"qode_icon_font_awesome fa fa-arrow-circle-right qode_icon_element\" style=\"color: #ffcc00;\" ><\/i><\/span> M\u00e1stil Tromso &#8211; <a style=\"color: #fc0;\" href=\"\/wp-content\/uploads\/2019\/07\/Banderolas_-mastil-tromso.jpeg\">exemple<\/a>[\/vc_column_text][vc_empty_space height=&#8221;20px&#8221;][vc_empty_space height=&#8221;15px&#8221;][vc_column_text css=&#8221;.vc_custom_1561026369385{margin-left: 50px !important;}&#8221;](Banderes publicit\u00e0ries, pals i banderoles de tots tipus personalitzats i promocionals per a publicitat exterior, impreses a tot color digital).[\/vc_column_text][\/vc_column_inner][\/vc_row_inner][vc_empty_space height=&#8221;50px&#8221;][vc_empty_space height=&#8221;40px&#8221; el_class=&#8221;empty-space-hidden&#8221;][\/qode_elements_holder_item][qode_elements_holder_item item_padding=&#8221;20% 15% 28%&#8221; vertical_alignment=&#8221;top&#8221; advanced_animations=&#8221;no&#8221; item_padding_1280_1440=&#8221;14% 15% 14% 7%&#8221; item_padding_1024_1280=&#8221;14% 4% 14% 8%&#8221; item_padding_768_1024=&#8221;12% 5% 12% 1%&#8221; item_padding_600_768=&#8221;15% 20% 15% 10&#8243; item_padding_480_600=&#8221;17% 20% 17% 0%&#8221; item_padding_480=&#8221;17% 20% 17% 0%&#8221;][vc_column_text]<\/p>\n<h1 style=\"font-weight: 300;\">[vc_separator type=&#8221;small&#8221; position=&#8221;left&#8221; color=&#8221;#fc0&#8243; thickness=&#8221;2&#8243; width=&#8221;100&#8243; down=&#8221;15&#8243;]Galeria<\/h1>\n<p>[\/vc_column_text][vc_empty_space height=&#8221;39px&#8221;][vc_column_text]<\/p>\n<p style=\"margin: 0px;\">Aqu\u00ed trobar\u00e0s alguns exemples de Marxandatge que realitzem. Hi ha moltes m\u00e9s possibilitats !!<\/p>\n<p>[\/vc_column_text][vc_empty_space height=&#8221;39px&#8221;][vc_gallery interval=&#8221;3&#8243; images=&#8221;889,1312,887,885,1299,942,943,1301,944,945,1297,946,948,949,891,1309,947,1307,1305&#8243; img_size=&#8221;full&#8221;][\/qode_elements_holder_item][\/qode_elements_holder][\/vc_column][\/vc_row]<\/p>\n<\/section>","protected":false},"excerpt":{"rendered":"<p>[vc_row css_animation=&#8221;&#8221; row_type=&#8221;row&#8221; use_row_as_full_screen_section=&#8221;no&#8221; type=&#8221;full_width&#8221; angled_section=&#8221;no&#8221; text_align=&#8221;left&#8221; background_image_as_pattern=&#8221;without_pattern&#8221; el_class=&#8221;row-with-separator&#8221; z_index=&#8221;&#8221;][vc_column css=&#8221;.vc_custom_1516792023205{margin-top: 0px !important;margin-right: 0px !important;margin-bottom: 0px !important;margin-left: 0px !important;padding-right: 0px !important;padding-left: 0px !important;}&#8221;][qode_elements_holder number_of_columns=&#8221;two_columns&#8221; switch_to_one_column=&#8221;1000&#8243;][qode_elements_holder_item item_padding=&#8221;20% 15% 8%&#8221; vertical_alignment=&#8221;top&#8221; advanced_animations=&#8221;no&#8221; item_padding_1280_1440=&#8221;0% 5% 35% 9%&#8221; item_padding_1024_1280=&#8221;14% 4% 46% 8%&#8221; item_padding_768_1024=&#8221;0% 0% 30% 7%&#8221; item_padding_600_768=&#8221;15% 9% 32%&#8221;&#8230;<\/p>\n","protected":false},"author":1,"featured_media":0,"parent":930,"menu_order":0,"comment_status":"closed","ping_status":"open","template":"full_width.php","meta":{"footnotes":""},"class_list":["post-939","page","type-page","status-publish","hentry"],"_links":{"self":[{"href":"https:\/\/ramongrafic.com\/ca\/wp-json\/wp\/v2\/pages\/939","targetHints":{"allow":["GET"]}}],"collection":[{"href":"https:\/\/ramongrafic.com\/ca\/wp-json\/wp\/v2\/pages"}],"about":[{"href":"https:\/\/ramongrafic.com\/ca\/wp-json\/wp\/v2\/types\/page"}],"author":[{"embeddable":true,"href":"https:\/\/ramongrafic.com\/ca\/wp-json\/wp\/v2\/users\/1"}],"replies":[{"embeddable":true,"href":"https:\/\/ramongrafic.com\/ca\/wp-json\/wp\/v2\/comments?post=939"}],"version-history":[{"count":9,"href":"https:\/\/ramongrafic.com\/ca\/wp-json\/wp\/v2\/pages\/939\/revisions"}],"predecessor-version":[{"id":1318,"href":"https:\/\/ramongrafic.com\/ca\/wp-json\/wp\/v2\/pages\/939\/revisions\/1318"}],"up":[{"embeddable":true,"href":"https:\/\/ramongrafic.com\/ca\/wp-json\/wp\/v2\/pages\/930"}],"wp:attachment":[{"href":"https:\/\/ramongrafic.com\/ca\/wp-json\/wp\/v2\/media?parent=939"}],"curies":[{"name":"wp","href":"https:\/\/api.w.org\/{rel}","templated":true}]}}