{"id":953,"date":"2019-06-19T11:17:25","date_gmt":"2019-06-19T11:17:25","guid":{"rendered":"https:\/\/demo.ramongrafic.com\/servicios\/rotulacion-de-fachadas\/"},"modified":"2019-07-15T10:18:23","modified_gmt":"2019-07-15T10:18:23","slug":"retolacio-en-exteriors","status":"publish","type":"page","link":"https:\/\/ramongrafic.com\/ca\/serveis\/retolacio-en-exteriors\/","title":{"rendered":"Retolaci\u00f3 en exteriors"},"content":{"rendered":"<section class=\"wpb-content-wrapper\"><p>[vc_row css_animation=&#8221;&#8221; row_type=&#8221;row&#8221; use_row_as_full_screen_section=&#8221;no&#8221; type=&#8221;full_width&#8221; angled_section=&#8221;no&#8221; text_align=&#8221;left&#8221; background_image_as_pattern=&#8221;without_pattern&#8221; el_class=&#8221;row-with-separator&#8221; z_index=&#8221;&#8221;][vc_column css=&#8221;.vc_custom_1516792023205{margin-top: 0px !important;margin-right: 0px !important;margin-bottom: 0px !important;margin-left: 0px !important;padding-right: 0px !important;padding-left: 0px !important;}&#8221;][qode_elements_holder number_of_columns=&#8221;two_columns&#8221; switch_to_one_column=&#8221;1000&#8243;][qode_elements_holder_item item_padding=&#8221;20% 15% 8%&#8221; vertical_alignment=&#8221;top&#8221; advanced_animations=&#8221;no&#8221; item_padding_1280_1440=&#8221;0% 5% 35% 9%&#8221; item_padding_1024_1280=&#8221;14% 4% 46% 8%&#8221; item_padding_768_1024=&#8221;0% 0% 30% 7%&#8221; item_padding_600_768=&#8221;15% 9% 32%&#8221; item_padding_480_600=&#8221;16% 0% 33%&#8221; item_padding_480=&#8221;16% 0% 33%&#8221;][vc_column_text]<\/p>\n<h1 style=\"font-weight: 300;\">[vc_separator type=&#8221;small&#8221; position=&#8221;left&#8221; color=&#8221;#FC0&#8243; thickness=&#8221;2&#8243; width=&#8221;100&#8243; down=&#8221;15&#8243;]05.Retolaci\u00f3 en exteriors<\/h1>\n<p>[\/vc_column_text][vc_empty_space height=&#8221;39px&#8221;][vc_column_text]<\/p>\n<p style=\"margin: 0px 0px 0px 70px;\">Solucions decoratives per a fa\u00e7anes en diferents materials i acabats. La retolaci\u00f3 de fa\u00e7ana pot ser sobre xapa ondulada, xapa llisa, paret, etc.<\/p>\n<p>[\/vc_column_text][vc_empty_space height=&#8221;39px&#8221;][vc_row_inner row_type=&#8221;row&#8221; type=&#8221;full_width&#8221; text_align=&#8221;left&#8221; css_animation=&#8221;&#8221; css=&#8221;.vc_custom_1560940418527{margin-left: 10px !important;}&#8221;][vc_column_inner css=&#8221;.vc_custom_1516791618999{margin-left: 42px !important;}&#8221;]<div class='q_icon_with_title small normal_icon '><div class=\"icon_holder \" style=\" \"><span data-icon-type=\"normal\"   style=\"\" class=\"qode_iwt_icon_holder q_font_awsome_icon fa-2x  \"><i class=\"qode_icon_font_awesome fa fa-arrow-circle-right qode_iwt_icon_element\" style=\"\" ><\/i><\/span><\/div><div class=\"icon_text_holder\" style=\"\"><div class=\"icon_text_inner\" style=\"\"><h5 class=\"icon_title\" style=\"\">Retolaci\u00f3 de murs d'obra<\/h5><p style=''>Aquest tipus de retolaci\u00f3 es pot realitzar sobre de arrebossat, de pladur, etc.<\/p><a itemprop='url' class='icon_with_title_link' href='\/wp-content\/uploads\/2019\/07\/gallastegui-valencia-7.jpg' target='_self' style=''>exemple<\/a><\/div><\/div><\/div>[vc_empty_space height=&#8221;20px&#8221;]<div class='q_icon_with_title small normal_icon '><div class=\"icon_holder \" style=\" \"><span data-icon-type=\"normal\"   style=\"\" class=\"qode_iwt_icon_holder q_font_awsome_icon fa-2x  \"><i class=\"qode_icon_font_awesome fa fa-arrow-circle-right qode_iwt_icon_element\" style=\"\" ><\/i><\/span><\/div><div class=\"icon_text_holder\" style=\"\"><div class=\"icon_text_inner\" style=\"\"><h5 class=\"icon_title\" style=\"\">RETOLACI\u00d3 DE PERSIANES<\/h5><p style=''>Preparem i retolem la persiana del seu negoci amb el seu logotip, litografies o el disseny escollit. \u00c9s una t\u00e8cnica que aconsegueix que el seu establiment segueixi fent publicitat, encara que es trobi tancat. Es pot aplicar sobre qualsevol tipus de persiana, ja sigui ondulada, llisa, etc ... i de qualsevol mida.<\/p><a itemprop='url' class='icon_with_title_link' href='\/wp-content\/uploads\/2019\/07\/DSC_0053_redimensionar.jpg' target='_self' style=''>exemple<\/a><\/div><\/div><\/div>[vc_empty_space height=&#8221;20px&#8221;]<div class='q_icon_with_title small normal_icon '><div class=\"icon_holder \" style=\" \"><span data-icon-type=\"normal\"   style=\"\" class=\"qode_iwt_icon_holder q_font_awsome_icon fa-2x  \"><i class=\"qode_icon_font_awesome fa fa-arrow-circle-right qode_iwt_icon_element\" style=\"\" ><\/i><\/span><\/div><div class=\"icon_text_holder\" style=\"\"><div class=\"icon_text_inner\" style=\"\"><h5 class=\"icon_title\" style=\"\">PLAQUES COMMEMORATIVES, DIRECTORIS I SENYALITZACI\u00d3<\/h5><p style=''>Plaques Corporatives: Realitzades en diversos materials, com el metacrilat, acer inoxidable o alumini, identifiquen i representen a empreses, professionals i establiments. R\u00e8tol tipus directori: panells creats per fi informatiu, en grans o petites superf\u00edcies, tant interior com per a exterior.<\/p><a itemprop='url' class='icon_with_title_link' href='\/wp-content\/uploads\/2019\/07\/IMG_4321-e1563185088674.jpg' target='_self' style=''>exemple<\/a><\/div><\/div><\/div>[vc_empty_space height=&#8221;20px&#8221;]<div class='q_icon_with_title small normal_icon '><div class=\"icon_holder \" style=\" \"><span data-icon-type=\"normal\"   style=\"\" class=\"qode_iwt_icon_holder q_font_awsome_icon fa-2x  \"><i class=\"qode_icon_font_awesome fa fa-arrow-circle-right qode_iwt_icon_element\" style=\"\" ><\/i><\/span><\/div><div class=\"icon_text_holder\" style=\"\"><div class=\"icon_text_inner\" style=\"\"><h5 class=\"icon_title\" style=\"\">SENYALITZACI\u00d3 INTERIOR \/ EXTERIOR<\/h5><p style=''><span>Plaques per senyalitzar zones concretes mostrant pl\u00e0nols i llegendes de qualsevol edifici, recinte o esdeveniment. <\/span><span>Mon\u00f2lits, t\u00f2tems, cartells, expositors, banderes d'esdeveniments o vinils, sobre qualsevol tipus de suport publicitari i amb una \u00e0mplia varietat en formats i models.<\/span><\/p><a itemprop='url' class='icon_with_title_link' href='\/wp-content\/uploads\/2019\/07\/IMG_0273.jpg' target='_self' style=''>exemple<\/a><\/div><\/div><\/div>[vc_empty_space height=&#8221;20px&#8221;]<div class='q_icon_with_title small normal_icon '><div class=\"icon_holder \" style=\" \"><span data-icon-type=\"normal\"   style=\"\" class=\"qode_iwt_icon_holder q_font_awsome_icon fa-2x  \"><i class=\"qode_icon_font_awesome fa fa-arrow-circle-right qode_iwt_icon_element\" style=\"\" ><\/i><\/span><\/div><div class=\"icon_text_holder\" style=\"\"><div class=\"icon_text_inner\" style=\"\"><h5 class=\"icon_title\" style=\"\">Senyalitzaci\u00f3 de s\u00f3l<\/h5><p style=''>Per a la senyalitzaci\u00f3 en paviments en tot tipus d'ind\u00fastries, de p\u00e0rquing, vials, o en paviments de f\u00e0briques o magatzems que exigeix  la normativa de seguretat en ind\u00fastries.<\/p><a itemprop='url' class='icon_with_title_link' href='\/wp-content\/uploads\/2019\/07\/se\u00f1alizaci\u00f3n-suelo.jpg' target='_self' style=''>exemple<\/a><\/div><\/div><\/div>[vc_empty_space height=&#8221;20px&#8221;]<div class='q_icon_with_title small normal_icon '><div class=\"icon_holder \" style=\" \"><span data-icon-type=\"normal\"   style=\"\" class=\"qode_iwt_icon_holder q_font_awsome_icon fa-2x  \"><i class=\"qode_icon_font_awesome fa fa-arrow-circle-right qode_iwt_icon_element\" style=\"\" ><\/i><\/span><\/div><div class=\"icon_text_holder\" style=\"\"><div class=\"icon_text_inner\" style=\"\"><h5 class=\"icon_title\" style=\"\">Vallas publicitarias<\/h5><p style=''>Estructura de publicitat exterior sobre la qual es fixen anuncis i \/ o campanyes publicit\u00e0ries. (Tanques d'obra, granota pal, tanques il\u00b7luminades).<\/p>\n<ul>\n<li>Tanques amb servei de muntatge i col\u00b7locaci\u00f3: Les tanques de col\u00b7locaci\u00f3 consten de dues bigues IPN, tres angles i les lames, amb la retolaci\u00f3 desitjada. Aquesta tanca es col\u00b7loca directament a la superf\u00edcie desitjada.<\/li>\n<li>Tanques sense col\u00b7locaci\u00f3: En aquest tipus de tanca fem el lliurament directament al client.<\/li>\n<\/ul>\n<p><\/p><a itemprop='url' class='icon_with_title_link' href='\/wp-content\/uploads\/2019\/07\/IMG_2246.jpg' target='_self' style=''>exemple<\/a><\/div><\/div><\/div>[\/vc_column_inner][\/vc_row_inner][vc_empty_space height=&#8221;50px&#8221;][vc_empty_space height=&#8221;40px&#8221; el_class=&#8221;empty-space-hidden&#8221;][\/qode_elements_holder_item][qode_elements_holder_item item_padding=&#8221;20% 15% 28%&#8221; vertical_alignment=&#8221;top&#8221; advanced_animations=&#8221;no&#8221; item_padding_1280_1440=&#8221;14% 15% 14% 7%&#8221; item_padding_1024_1280=&#8221;14% 4% 14% 8%&#8221; item_padding_768_1024=&#8221;12% 5% 12% 1%&#8221; item_padding_600_768=&#8221;15% 20% 15% 10&#8243; item_padding_480_600=&#8221;17% 20% 17% 0%&#8221; item_padding_480=&#8221;17% 20% 17% 0%&#8221;][vc_column_text]<\/p>\n<h1 style=\"font-weight: 300;\">[vc_separator type=&#8221;small&#8221; position=&#8221;left&#8221; color=&#8221;#fc0&#8243; thickness=&#8221;2&#8243; width=&#8221;100&#8243; down=&#8221;15&#8243;]Galeria<\/h1>\n<p>[\/vc_column_text][vc_empty_space height=&#8221;39px&#8221;][vc_column_text]<\/p>\n<p style=\"margin: 0px;\">Aqu\u00ed trobar\u00e0s alguns exemples de retolaci\u00f3 de fa\u00e7anes que realitzem. Hi ha moltes m\u00e9s possibilitats !!<\/p>\n<p>[\/vc_column_text][vc_empty_space height=&#8221;39px&#8221;][vc_gallery interval=&#8221;3&#8243; images=&#8221;1260,879,877,1258,1255,1253,881,1250,883&#8243; img_size=&#8221;full&#8221;][\/qode_elements_holder_item][\/qode_elements_holder][\/vc_column][\/vc_row]<\/p>\n<\/section>","protected":false},"excerpt":{"rendered":"<p>[vc_row css_animation=&#8221;&#8221; row_type=&#8221;row&#8221; use_row_as_full_screen_section=&#8221;no&#8221; type=&#8221;full_width&#8221; angled_section=&#8221;no&#8221; text_align=&#8221;left&#8221; background_image_as_pattern=&#8221;without_pattern&#8221; el_class=&#8221;row-with-separator&#8221; z_index=&#8221;&#8221;][vc_column css=&#8221;.vc_custom_1516792023205{margin-top: 0px !important;margin-right: 0px !important;margin-bottom: 0px !important;margin-left: 0px !important;padding-right: 0px !important;padding-left: 0px !important;}&#8221;][qode_elements_holder number_of_columns=&#8221;two_columns&#8221; switch_to_one_column=&#8221;1000&#8243;][qode_elements_holder_item item_padding=&#8221;20% 15% 8%&#8221; vertical_alignment=&#8221;top&#8221; advanced_animations=&#8221;no&#8221; item_padding_1280_1440=&#8221;0% 5% 35% 9%&#8221; item_padding_1024_1280=&#8221;14% 4% 46% 8%&#8221; item_padding_768_1024=&#8221;0% 0% 30% 7%&#8221; item_padding_600_768=&#8221;15% 9% 32%&#8221;&#8230;<\/p>\n","protected":false},"author":1,"featured_media":0,"parent":930,"menu_order":0,"comment_status":"closed","ping_status":"open","template":"full_width.php","meta":{"footnotes":""},"class_list":["post-953","page","type-page","status-publish","hentry"],"_links":{"self":[{"href":"https:\/\/ramongrafic.com\/ca\/wp-json\/wp\/v2\/pages\/953","targetHints":{"allow":["GET"]}}],"collection":[{"href":"https:\/\/ramongrafic.com\/ca\/wp-json\/wp\/v2\/pages"}],"about":[{"href":"https:\/\/ramongrafic.com\/ca\/wp-json\/wp\/v2\/types\/page"}],"author":[{"embeddable":true,"href":"https:\/\/ramongrafic.com\/ca\/wp-json\/wp\/v2\/users\/1"}],"replies":[{"embeddable":true,"href":"https:\/\/ramongrafic.com\/ca\/wp-json\/wp\/v2\/comments?post=953"}],"version-history":[{"count":10,"href":"https:\/\/ramongrafic.com\/ca\/wp-json\/wp\/v2\/pages\/953\/revisions"}],"predecessor-version":[{"id":1268,"href":"https:\/\/ramongrafic.com\/ca\/wp-json\/wp\/v2\/pages\/953\/revisions\/1268"}],"up":[{"embeddable":true,"href":"https:\/\/ramongrafic.com\/ca\/wp-json\/wp\/v2\/pages\/930"}],"wp:attachment":[{"href":"https:\/\/ramongrafic.com\/ca\/wp-json\/wp\/v2\/media?parent=953"}],"curies":[{"name":"wp","href":"https:\/\/api.w.org\/{rel}","templated":true}]}}