{"id":956,"date":"2019-06-19T10:46:28","date_gmt":"2019-06-19T10:46:28","guid":{"rendered":"https:\/\/demo.ramongrafic.com\/servicios\/rotulos\/"},"modified":"2019-07-15T09:24:07","modified_gmt":"2019-07-15T09:24:07","slug":"retols","status":"publish","type":"page","link":"https:\/\/ramongrafic.com\/ca\/serveis\/retols\/","title":{"rendered":"R\u00e8tols"},"content":{"rendered":"<section class=\"wpb-content-wrapper\"><p>[vc_row css_animation=&#8221;&#8221; row_type=&#8221;row&#8221; use_row_as_full_screen_section=&#8221;no&#8221; type=&#8221;full_width&#8221; angled_section=&#8221;no&#8221; text_align=&#8221;left&#8221; background_image_as_pattern=&#8221;without_pattern&#8221; el_class=&#8221;row-with-separator&#8221; z_index=&#8221;&#8221;][vc_column css=&#8221;.vc_custom_1516792023205{margin-top: 0px !important;margin-right: 0px !important;margin-bottom: 0px !important;margin-left: 0px !important;padding-right: 0px !important;padding-left: 0px !important;}&#8221;][qode_elements_holder number_of_columns=&#8221;two_columns&#8221; switch_to_one_column=&#8221;1000&#8243;][qode_elements_holder_item item_padding=&#8221;20% 15% 8%&#8221; vertical_alignment=&#8221;top&#8221; advanced_animations=&#8221;no&#8221; item_padding_1280_1440=&#8221;0% 5% 35% 9%&#8221; item_padding_1024_1280=&#8221;14% 4% 46% 8%&#8221; item_padding_768_1024=&#8221;0% 0% 30% 7%&#8221; item_padding_600_768=&#8221;15% 9% 32%&#8221; item_padding_480_600=&#8221;16% 0% 33%&#8221; item_padding_480=&#8221;16% 0% 33%&#8221;][vc_column_text]<\/p>\n<h1 style=\"font-weight: 300;\">[vc_separator type=&#8221;small&#8221; position=&#8221;left&#8221; color=&#8221;#FC0&#8243; thickness=&#8221;2&#8243; width=&#8221;100&#8243; down=&#8221;15&#8243;]01.R\u00e8tols<\/h1>\n<p>[\/vc_column_text][vc_empty_space height=&#8221;39px&#8221;][vc_row_inner row_type=&#8221;row&#8221; type=&#8221;full_width&#8221; text_align=&#8221;left&#8221; css_animation=&#8221;&#8221; css=&#8221;.vc_custom_1560940418527{margin-left: 10px !important;}&#8221;][vc_column_inner css=&#8221;.vc_custom_1516791618999{margin-left: 42px !important;}&#8221;]<div class='q_icon_with_title small normal_icon '><div class=\"icon_holder \" style=\" \"><span data-icon-type=\"normal\"   style=\"\" class=\"qode_iwt_icon_holder q_font_awsome_icon fa-2x  \"><i class=\"qode_icon_font_awesome fa fa-arrow-circle-right qode_iwt_icon_element\" style=\"\" ><\/i><\/span><\/div><div class=\"icon_text_holder\" style=\"\"><div class=\"icon_text_inner\" style=\"\"><h5 class=\"icon_title\" style=\"\">R\u00c8TOL DE PANTALLA<\/h5><p style=''>El r\u00e8tol de pantalla consta de dos perfils d'alumini de qualsevol color, una pantalla amb instal\u00b7laci\u00f3 de fluorescenteso de LED, i un metacrilat de 8mm amb la retolaci\u00f3 desitjada (ja sigui amb vinil de tall o impressi\u00f3 digital).<\/p><a itemprop='url' class='icon_with_title_link' href='\/wp-content\/uploads\/2019\/07\/rotulo-pantalla-1.jpg' target='_self' style=''>exemple<\/a><\/div><\/div><\/div>[vc_empty_space height=&#8221;20px&#8221;]<div class='q_icon_with_title small normal_icon '><div class=\"icon_holder \" style=\" \"><span data-icon-type=\"normal\"   style=\"\" class=\"qode_iwt_icon_holder q_font_awsome_icon fa-2x  \"><i class=\"qode_icon_font_awesome fa fa-arrow-circle-right qode_iwt_icon_element\" style=\"\" ><\/i><\/span><\/div><div class=\"icon_text_holder\" style=\"\"><div class=\"icon_text_inner\" style=\"\"><h5 class=\"icon_title\" style=\"\">R\u00e8tol de calaix llumin\u00f3s<\/h5><p style=''>El r\u00e8tol de calaix llumin\u00f3s \u00e9s un rectangle d'alumini de 10cm de gruix amb llum interior de LED i metacrilat de 3mm amb la retolaci\u00f3 desitjada.<\/p><a itemprop='url' class='icon_with_title_link' href='\/wp-content\/uploads\/2019\/07\/cajon-luminoso-1.jpg' target='_self' style=''>exemple<\/a><\/div><\/div><\/div>[vc_empty_space height=&#8221;20px&#8221;]<div class='q_icon_with_title small normal_icon '><div class=\"icon_holder \" style=\" \"><span data-icon-type=\"normal\"   style=\"\" class=\"qode_iwt_icon_holder q_font_awsome_icon fa-2x  \"><i class=\"qode_icon_font_awesome fa fa-arrow-circle-right qode_iwt_icon_element\" style=\"\" ><\/i><\/span><\/div><div class=\"icon_text_holder\" style=\"\"><div class=\"icon_text_inner\" style=\"\"><h5 class=\"icon_title\" style=\"\">R\u00e8tol de Panaflex<\/h5><p style=''>R\u00e8tol de Panaflex: Aquest tipus de r\u00e8tol \u00e9s igual que el calaix llumin\u00f3s, es diferencien en qu\u00e8 el r\u00e8tol de Panaflex porta una lona tensada en lloc del metacrilat, perqu\u00e8 sigui sempre d'una pe\u00e7a.<\/p><a itemprop='url' class='icon_with_title_link' href='\/wp-content\/uploads\/2019\/07\/panaflex.jpg' target='_self' style=''>exemple<\/a><\/div><\/div><\/div>[vc_empty_space height=&#8221;20px&#8221;]<div class='q_icon_with_title small normal_icon '><div class=\"icon_holder \" style=\" \"><span data-icon-type=\"normal\"   style=\"\" class=\"qode_iwt_icon_holder q_font_awsome_icon fa-2x  \"><i class=\"qode_icon_font_awesome fa fa-arrow-circle-right qode_iwt_icon_element\" style=\"\" ><\/i><\/span><\/div><div class=\"icon_text_holder\" style=\"\"><div class=\"icon_text_inner\" style=\"\"><h5 class=\"icon_title\" style=\"\">R\u00e8tol de ne\u00f3<\/h5><p style=''>Aporten m\u00e0xima visibilitat tant durant el dia com a la nit, donat el cridaner dels seus colors.<\/p><a itemprop='url' class='icon_with_title_link' href='\/wp-content\/uploads\/2019\/07\/rotulo-de-neon.jpg' target='_self' style=''>exemple<\/a><\/div><\/div><\/div>[vc_empty_space height=&#8221;20px&#8221;]<div class='q_icon_with_title small normal_icon '><div class=\"icon_holder \" style=\" \"><span data-icon-type=\"normal\"   style=\"\" class=\"qode_iwt_icon_holder q_font_awsome_icon fa-2x  \"><i class=\"qode_icon_font_awesome fa fa-arrow-circle-right qode_iwt_icon_element\" style=\"\" ><\/i><\/span><\/div><div class=\"icon_text_holder\" style=\"\"><div class=\"icon_text_inner\" style=\"\"><h5 class=\"icon_title\" style=\"\">R\u00e8tol amb corpori<\/h5><p style=''>\u00c9s un r\u00e8tol que pot portar PVC, acer inox o Metacrilat. El PVC pot tenir diferents gruixos, colors i tipografies. El Acer inox s\u00f3n brillants, mates, amb els cantells polits, o sense polir, amb llum interior, etc. El Metacrilat \u00e9s un tipus de lletres o figura, que poden ser transparents, blanques, de qualsevol gruix, etc.<\/p><a itemprop='url' class='icon_with_title_link' href='\/wp-content\/uploads\/2019\/07\/IMG_1462.jpg' target='_self' style=''>exemple<\/a><\/div><\/div><\/div>[vc_empty_space height=&#8221;20px&#8221;]<div class='q_icon_with_title small normal_icon '><div class=\"icon_holder \" style=\" \"><span data-icon-type=\"normal\"   style=\"\" class=\"qode_iwt_icon_holder q_font_awsome_icon fa-2x  \"><i class=\"qode_icon_font_awesome fa fa-arrow-circle-right qode_iwt_icon_element\" style=\"\" ><\/i><\/span><\/div><div class=\"icon_text_holder\" style=\"\"><div class=\"icon_text_inner\" style=\"\"><h5 class=\"icon_title\" style=\"\">R\u00e8tol de vinil de tall<\/h5><p style=''>L\u00e0mines adhesives econ\u00f2miques, amb disseny desitjat, per enganxar.<\/p><a itemprop='url' class='icon_with_title_link' href='\/wp-content\/uploads\/2019\/07\/IMG_1174.jpg' target='_self' style=''>exemple<\/a><\/div><\/div><\/div>[vc_empty_space height=&#8221;20px&#8221;]<div class='q_icon_with_title small normal_icon '><div class=\"icon_holder \" style=\" \"><span data-icon-type=\"normal\"   style=\"\" class=\"qode_iwt_icon_holder q_font_awsome_icon fa-2x  \"><i class=\"qode_icon_font_awesome fa fa-arrow-circle-right qode_iwt_icon_element\" style=\"\" ><\/i><\/span><\/div><div class=\"icon_text_holder\" style=\"\"><div class=\"icon_text_inner\" style=\"\"><h5 class=\"icon_title\" style=\"\">R\u00e8tol de vinil en impressi\u00f3<\/h5><p style=''>L\u00e0mina adhesiva, amb disseny desitjat, per enganxar.<\/p><a itemprop='url' class='icon_with_title_link' href='\/wp-content\/uploads\/2019\/07\/IMG_6735.jpg' target='_self' style=''>exemple<\/a><\/div><\/div><\/div>[vc_empty_space height=&#8221;40px&#8221;][\/vc_column_inner][\/vc_row_inner][vc_empty_space height=&#8221;20px&#8221;]<div class='q_icon_with_title tiny normal_icon right '><div class=\"icon_holder \" style=\" \"><span data-icon-type=\"normal\"  data-icon-hover-color=\"#333333\" style=\"\" class=\"qode_iwt_icon_holder q_font_awsome_icon fa-lg  \"><i class=\"qode_icon_font_awesome fa fa-arrow-right qode_iwt_icon_element\" style=\"color: #ffcc00;\" ><\/i><\/span><\/div><div class=\"icon_text_holder\" style=\"\"><div class=\"icon_text_inner\" style=\"\"><h5 class=\"icon_title\" style=\"\"><\/h5><p style='color: #807d79'>Els tipus de r\u00e8tols es poden combinar<\/p><a itemprop='url' class='icon_with_title_link' href='\/ca\/contacte\/' target='_self' style='color: #0a0a0a;'>Consulta'ns<\/a><\/div><\/div><\/div>[vc_empty_space height=&#8221;50px&#8221;][vc_empty_space height=&#8221;40px&#8221; el_class=&#8221;empty-space-hidden&#8221;][\/qode_elements_holder_item][qode_elements_holder_item item_padding=&#8221;20% 15% 28%&#8221; vertical_alignment=&#8221;top&#8221; advanced_animations=&#8221;no&#8221; item_padding_1280_1440=&#8221;14% 15% 14% 7%&#8221; item_padding_1024_1280=&#8221;14% 4% 14% 8%&#8221; item_padding_768_1024=&#8221;12% 5% 12% 1%&#8221; item_padding_600_768=&#8221;15% 20% 15% 10&#8243; item_padding_480_600=&#8221;17% 20% 17% 0%&#8221; item_padding_480=&#8221;17% 20% 17% 0%&#8221;][vc_column_text]<\/p>\n<h1 style=\"font-weight: 300;\">[vc_separator type=&#8221;small&#8221; position=&#8221;left&#8221; color=&#8221;#fc0&#8243; thickness=&#8221;2&#8243; width=&#8221;100&#8243; down=&#8221;15&#8243;]Galeria<\/h1>\n<p>[\/vc_column_text][vc_empty_space height=&#8221;39px&#8221;][vc_column_text]<\/p>\n<p style=\"margin: 0px;\">Aqu\u00ed trobar\u00e0s alguns exemples dels r\u00e8tols que podem crear. Hi ha moltes m\u00e9s possibilitats !!<\/p>\n<p>[\/vc_column_text][vc_empty_space height=&#8221;39px&#8221;][vc_gallery interval=&#8221;3&#8243; images=&#8221;960,961,962,963,964,965,966,967,968,969,970,971,972,973&#8243; img_size=&#8221;full&#8221;][\/qode_elements_holder_item][\/qode_elements_holder][\/vc_column][\/vc_row]<\/p>\n<\/section>","protected":false},"excerpt":{"rendered":"<p>[vc_row css_animation=&#8221;&#8221; row_type=&#8221;row&#8221; use_row_as_full_screen_section=&#8221;no&#8221; type=&#8221;full_width&#8221; angled_section=&#8221;no&#8221; text_align=&#8221;left&#8221; background_image_as_pattern=&#8221;without_pattern&#8221; el_class=&#8221;row-with-separator&#8221; z_index=&#8221;&#8221;][vc_column css=&#8221;.vc_custom_1516792023205{margin-top: 0px !important;margin-right: 0px !important;margin-bottom: 0px !important;margin-left: 0px !important;padding-right: 0px !important;padding-left: 0px !important;}&#8221;][qode_elements_holder number_of_columns=&#8221;two_columns&#8221; switch_to_one_column=&#8221;1000&#8243;][qode_elements_holder_item item_padding=&#8221;20% 15% 8%&#8221; vertical_alignment=&#8221;top&#8221; advanced_animations=&#8221;no&#8221; item_padding_1280_1440=&#8221;0% 5% 35% 9%&#8221; item_padding_1024_1280=&#8221;14% 4% 46% 8%&#8221; item_padding_768_1024=&#8221;0% 0% 30% 7%&#8221; item_padding_600_768=&#8221;15% 9% 32%&#8221;&#8230;<\/p>\n","protected":false},"author":1,"featured_media":0,"parent":930,"menu_order":0,"comment_status":"closed","ping_status":"open","template":"full_width.php","meta":{"footnotes":""},"class_list":["post-956","page","type-page","status-publish","hentry"],"_links":{"self":[{"href":"https:\/\/ramongrafic.com\/ca\/wp-json\/wp\/v2\/pages\/956","targetHints":{"allow":["GET"]}}],"collection":[{"href":"https:\/\/ramongrafic.com\/ca\/wp-json\/wp\/v2\/pages"}],"about":[{"href":"https:\/\/ramongrafic.com\/ca\/wp-json\/wp\/v2\/types\/page"}],"author":[{"embeddable":true,"href":"https:\/\/ramongrafic.com\/ca\/wp-json\/wp\/v2\/users\/1"}],"replies":[{"embeddable":true,"href":"https:\/\/ramongrafic.com\/ca\/wp-json\/wp\/v2\/comments?post=956"}],"version-history":[{"count":12,"href":"https:\/\/ramongrafic.com\/ca\/wp-json\/wp\/v2\/pages\/956\/revisions"}],"predecessor-version":[{"id":1221,"href":"https:\/\/ramongrafic.com\/ca\/wp-json\/wp\/v2\/pages\/956\/revisions\/1221"}],"up":[{"embeddable":true,"href":"https:\/\/ramongrafic.com\/ca\/wp-json\/wp\/v2\/pages\/930"}],"wp:attachment":[{"href":"https:\/\/ramongrafic.com\/ca\/wp-json\/wp\/v2\/media?parent=956"}],"curies":[{"name":"wp","href":"https:\/\/api.w.org\/{rel}","templated":true}]}}